{"id":7173,"date":"2025-05-21T16:27:02","date_gmt":"2025-05-21T14:27:02","guid":{"rendered":"https:\/\/www.kindergartenpasitos.ch\/?page_id=7173"},"modified":"2025-05-21T16:34:50","modified_gmt":"2025-05-21T14:34:50","slug":"kinderkrippe","status":"publish","type":"page","link":"https:\/\/www.kindergartenpasitos.ch\/es\/kinderkrippe\/","title":{"rendered":"Guarder\u00eda"},"content":{"rendered":"<div data-elementor-type=\"wp-page\" data-elementor-id=\"7173\" class=\"elementor elementor-7173\" data-elementor-post-type=\"page\">\n\t\t\t\t\t\t<section class=\"elementor-section elementor-top-section elementor-element elementor-element-c943747 elementor-section-boxed elementor-section-height-default elementor-section-height-default\" data-id=\"c943747\" data-element_type=\"section\" data-e-type=\"section\">\r\n\t\t\t\t\t\t<div class=\"elementor-container elementor-column-gap-default\" >\r\n\t\t\t        <div class=\"elementor-column elementor-col-25 elementor-top-column elementor-element elementor-element-61dc23f\" data-id=\"61dc23f\" data-element_type=\"column\" data-e-type=\"column\">\r\n            <div class=\"elementor-widget-wrap elementor-element-populated\">\r\n                \t\t<div class=\"elementor-element elementor-element-5e3db3e elementor-widget__width-initial elementor-widget elementor-widget-cms_image_single\" data-id=\"5e3db3e\" data-element_type=\"widget\" data-e-type=\"widget\" data-widget_type=\"cms_image_single.default\">\n\t\t\t\t<div class=\"elementor-widget-container\">\n\t\t\t\t\t<div class=\"cms-image-single cms-animation-bottom-to-top wow pulse\">\r\n            <div class=\"cms-img-box\">\r\n                            <img decoding=\"async\" width=\"104\" height=\"116\" src=\"https:\/\/www.kindergartenpasitos.ch\/wp-content\/uploads\/2020\/08\/image-birth.png\" class=\"attachment-medium size-medium wp-image-2389\" alt=\"\" \/>                    <\/div>\r\n    <\/div>\t\t\t\t<\/div>\n\t\t\t\t<\/div>\n\t\t            <\/div>\r\n        <\/div>\r\n                <div class=\"elementor-column elementor-col-50 elementor-top-column elementor-element elementor-element-08f8c06\" data-id=\"08f8c06\" data-element_type=\"column\" data-e-type=\"column\">\r\n            <div class=\"elementor-widget-wrap elementor-element-populated\">\r\n                \t\t<div class=\"elementor-element elementor-element-8a7747b elementor-widget__width-initial elementor-widget elementor-widget-cms_heading\" data-id=\"8a7747b\" data-element_type=\"widget\" data-e-type=\"widget\" data-widget_type=\"cms_heading.default\">\n\t\t\t\t<div class=\"elementor-widget-container\">\n\t\t\t\t\t<div class=\"cms-heading-wrapper cms-heading-layout1 wow pulse\">\r\n            <div class=\"custom-subheading\">El comienzo perfecto para tu hijo\/a.<\/div>\r\n    \r\n            <h3 class=\"custom-heading\">\r\n            <span                 >\r\n                Guarder\u00eda<\/span>\r\n        <\/h3>\r\n        \r\n    <\/div>\t\t\t\t<\/div>\n\t\t\t\t<\/div>\n\t\t\t\t<div class=\"elementor-element elementor-element-815f520 elementor-widget__width-initial elementor-widget elementor-widget-cms_banner\" data-id=\"815f520\" data-element_type=\"widget\" data-e-type=\"widget\" data-widget_type=\"cms_banner.default\">\n\t\t\t\t<div class=\"elementor-widget-container\">\n\t\t\t\t\t<div class=\"cms-banner layout2\">\r\n\t<div class=\"inner-layout\">\r\n\t    \t        <div class=\"img-bg\">\r\n\t        \t<div class=\"item-image\"><\/div>\r\n\t            <img fetchpriority=\"high\" decoding=\"async\" width=\"2560\" height=\"1797\" src=\"https:\/\/www.kindergartenpasitos.ch\/wp-content\/uploads\/2025\/03\/Kindergarten-Pasitos-die-Kinder-sind-gluecklich-scaled.jpg\" class=\"attachment-full size-full wp-image-7020\" alt=\"\" srcset=\"https:\/\/www.kindergartenpasitos.ch\/wp-content\/uploads\/2025\/03\/Kindergarten-Pasitos-die-Kinder-sind-gluecklich-scaled.jpg 2560w, https:\/\/www.kindergartenpasitos.ch\/wp-content\/uploads\/2025\/03\/Kindergarten-Pasitos-die-Kinder-sind-gluecklich-300x211.jpg 300w, https:\/\/www.kindergartenpasitos.ch\/wp-content\/uploads\/2025\/03\/Kindergarten-Pasitos-die-Kinder-sind-gluecklich-1024x719.jpg 1024w, https:\/\/www.kindergartenpasitos.ch\/wp-content\/uploads\/2025\/03\/Kindergarten-Pasitos-die-Kinder-sind-gluecklich-768x539.jpg 768w, https:\/\/www.kindergartenpasitos.ch\/wp-content\/uploads\/2025\/03\/Kindergarten-Pasitos-die-Kinder-sind-gluecklich-1536x1078.jpg 1536w, https:\/\/www.kindergartenpasitos.ch\/wp-content\/uploads\/2025\/03\/Kindergarten-Pasitos-die-Kinder-sind-gluecklich-2048x1438.jpg 2048w, https:\/\/www.kindergartenpasitos.ch\/wp-content\/uploads\/2025\/03\/Kindergarten-Pasitos-die-Kinder-sind-gluecklich-18x12.jpg 18w\" sizes=\"(max-width: 2560px) 100vw, 2560px\" \/>\t        <\/div>\r\n\t    \t    <div class=\"item--holder\">\r\n\t\t    \t\t        <h3 class=\"item--title\">\r\n\t\t            2 Tage - 5 Tage Betreuung \t\t        <\/h3>\r\n\t\t    \t\t    \t    <\/div>\r\n\t<\/div>\r\n<\/div>\t\t\t\t<\/div>\n\t\t\t\t<\/div>\n\t\t            <\/div>\r\n        <\/div>\r\n                <div class=\"elementor-column elementor-col-25 elementor-top-column elementor-element elementor-element-8ac3f30\" data-id=\"8ac3f30\" data-element_type=\"column\" data-e-type=\"column\">\r\n            <div class=\"elementor-widget-wrap elementor-element-populated\">\r\n                \t\t<div class=\"elementor-element elementor-element-8305171 cms-element elementor-widget__width-initial elementor-widget elementor-widget-cms_image_single\" data-id=\"8305171\" data-element_type=\"widget\" data-e-type=\"widget\" data-widget_type=\"cms_image_single.default\">\n\t\t\t\t<div class=\"elementor-widget-container\">\n\t\t\t\t\t<div class=\"cms-image-single cms-animation-left-to-right\">\r\n            <div class=\"cms-img-box\">\r\n                            <img decoding=\"async\" width=\"133\" height=\"137\" src=\"https:\/\/www.kindergartenpasitos.ch\/wp-content\/uploads\/2020\/08\/image-home-2.png\" class=\"attachment-full size-full wp-image-2020\" alt=\"\" \/>                    <\/div>\r\n    <\/div>\t\t\t\t<\/div>\n\t\t\t\t<\/div>\n\t\t            <\/div>\r\n        <\/div>\r\n        \t\t\t<\/div>\r\n\t\t<\/section>\r\n\t\t\t\t<section class=\"elementor-section elementor-top-section elementor-element elementor-element-d226422 elementor-section-boxed elementor-section-height-default elementor-section-height-default\" data-id=\"d226422\" data-element_type=\"section\" data-e-type=\"section\">\r\n\t\t\t\t\t\t<div class=\"elementor-container elementor-column-gap-default\" >\r\n\t\t\t        <div class=\"elementor-column elementor-col-100 elementor-top-column elementor-element elementor-element-cce85e5\" data-id=\"cce85e5\" data-element_type=\"column\" data-e-type=\"column\">\r\n            <div class=\"elementor-widget-wrap elementor-element-populated\">\r\n                \t\t<div class=\"elementor-element elementor-element-6a6f032 elementor-widget elementor-widget-spacer\" data-id=\"6a6f032\" data-element_type=\"widget\" data-e-type=\"widget\" data-widget_type=\"spacer.default\">\n\t\t\t\t<div class=\"elementor-widget-container\">\n\t\t\t\t\t\t\t<div class=\"elementor-spacer\">\n\t\t\t<div class=\"elementor-spacer-inner\"><\/div>\n\t\t<\/div>\n\t\t\t\t\t\t<\/div>\n\t\t\t\t<\/div>\n\t\t\t\t<div class=\"elementor-element elementor-element-e47a8be elementor-widget elementor-widget-cms_heading\" data-id=\"e47a8be\" data-element_type=\"widget\" data-e-type=\"widget\" data-widget_type=\"cms_heading.default\">\n\t\t\t\t<div class=\"elementor-widget-container\">\n\t\t\t\t\t<div class=\"cms-heading-wrapper cms-heading-layout1 wow pulse\">\r\n    \r\n        \r\n            <div class=\"custom-heading-description\">\r\n            \u00bfBuscas una guarder\u00eda donde tu hijo\/a sea cuidado\/a con cari\u00f1o, crezca en un entorno biling\u00fce, aprenda jugando y se sienta completamente a gusto? Entonces te encantar\u00e1 nuestra guarder\u00eda biling\u00fce.\n\n\n        <\/div>\r\n    <\/div>\t\t\t\t<\/div>\n\t\t\t\t<\/div>\n\t\t\t\t<div class=\"elementor-element elementor-element-2d4bfac elementor-widget elementor-widget-cms_heading\" data-id=\"2d4bfac\" data-element_type=\"widget\" data-e-type=\"widget\" data-widget_type=\"cms_heading.default\">\n\t\t\t\t<div class=\"elementor-widget-container\">\n\t\t\t\t\t<div class=\"cms-heading-wrapper cms-heading-layout1 wow pulse\">\r\n    \r\n        \r\n            <div class=\"custom-heading-description\">\r\n            En un ambiente c\u00e1lido y familiar, acompa\u00f1amos a tu hijo\/a desde los cuatro meses con mucha sensibilidad, estructuras claras y un d\u00eda a d\u00eda educativo y enriquecedor. Damos gran importancia al afecto, la confianza y al desarrollo individual de cada ni\u00f1o\/a.\n\n        <\/div>\r\n    <\/div>\t\t\t\t<\/div>\n\t\t\t\t<\/div>\n\t\t\t\t<div class=\"elementor-element elementor-element-e884586 elementor-align-center elementor-mobile-align-center elementor-widget elementor-widget-button\" data-id=\"e884586\" data-element_type=\"widget\" data-e-type=\"widget\" data-widget_type=\"button.default\">\n\t\t\t\t<div class=\"elementor-widget-container\">\n\t\t\t\t\t\t\t\t\t<div class=\"elementor-button-wrapper\">\n\t\t\t\t\t<a class=\"elementor-button elementor-button-link elementor-size-sm\" href=\"https:\/\/guarderia.ch\/de\/index.html\" target=\"_blank\">\n\t\t\t\t\t\t<span class=\"elementor-button-content-wrapper\">\n\t\t\t\t\t\t<span class=\"elementor-button-icon\">\n\t\t\t\t<i aria-hidden=\"true\" class=\"fas fa-arrow-alt-circle-right\"><\/i>\t\t\t<\/span>\n\t\t\t\t\t\t\t\t\t<span class=\"elementor-button-text\">Descubre m\u00e1s. <\/span>\n\t\t\t\t\t<\/span>\n\t\t\t\t\t<\/a>\n\t\t\t\t<\/div>\n\t\t\t\t\t\t\t\t<\/div>\n\t\t\t\t<\/div>\n\t\t\t\t<div class=\"elementor-element elementor-element-ef808b5 elementor-widget elementor-widget-spacer\" data-id=\"ef808b5\" data-element_type=\"widget\" data-e-type=\"widget\" data-widget_type=\"spacer.default\">\n\t\t\t\t<div class=\"elementor-widget-container\">\n\t\t\t\t\t\t\t<div class=\"elementor-spacer\">\n\t\t\t<div class=\"elementor-spacer-inner\"><\/div>\n\t\t<\/div>\n\t\t\t\t\t\t<\/div>\n\t\t\t\t<\/div>\n\t\t            <\/div>\r\n        <\/div>\r\n        \t\t\t<\/div>\r\n\t\t<\/section>\r\n\t\t\t\t<\/div>","protected":false},"excerpt":{"rendered":"<p>Der perfekte Start f\u00fcr dein Kind Kinderkrippe 2 Tage &#8211; 5 Tage Betreuung Du suchst eine Kita, in der dein Kind zweisprachig mit Herz betreut wird, spielerisch lernt und sich rundum wohlf\u00fchlt? Dann wirst du unsere zweisprachige Kinderkrippe lieben. In einer warmen, famili\u00e4ren Atmosph\u00e4re begleiten wir Kinder ab fr\u00fchestem Alter, mit viel Einf\u00fchlungsverm\u00f6gen, festen Strukturen [&hellip;]<\/p>\n","protected":false},"author":1,"featured_media":7022,"parent":0,"menu_order":0,"comment_status":"closed","ping_status":"closed","template":"","meta":{"footnotes":""},"class_list":["post-7173","page","type-page","status-publish","has-post-thumbnail","hentry"],"yoast_head":"<!-- This site is optimized with the Yoast SEO plugin v27.3 - https:\/\/yoast.com\/product\/yoast-seo-wordpress\/ -->\n<title>Kinderkrippe - Stiftung Pasitos<\/title>\n<meta name=\"description\" content=\"Entdecke die Kinderkrippe der Stiftung Pasitos, ein liebevoller Ort, an dem dein Kind zweisprachig geborgen und mit viel Herz betreut wird.\" \/>\n<meta name=\"robots\" content=\"index, follow, max-snippet:-1, max-image-preview:large, max-video-preview:-1\" \/>\n<link rel=\"canonical\" href=\"https:\/\/www.kindergartenpasitos.ch\/es\/kinderkrippe\/\" \/>\n<meta property=\"og:locale\" content=\"es_ES\" \/>\n<meta property=\"og:type\" content=\"article\" \/>\n<meta property=\"og:title\" content=\"Kinderkrippe - Stiftung Pasitos\" \/>\n<meta property=\"og:description\" content=\"Entdecke die Kinderkrippe der Stiftung Pasitos, ein liebevoller Ort, an dem dein Kind zweisprachig geborgen und mit viel Herz betreut wird.\" \/>\n<meta property=\"og:url\" content=\"https:\/\/www.kindergartenpasitos.ch\/es\/kinderkrippe\/\" \/>\n<meta property=\"og:site_name\" content=\"Kindergarten Pasitos in Z\u00fcrich\" \/>\n<meta property=\"article:publisher\" content=\"https:\/\/www.facebook.com\/StiftungPasitos19\/\" \/>\n<meta property=\"article:modified_time\" content=\"2025-05-21T14:34:50+00:00\" \/>\n<meta property=\"og:image\" content=\"https:\/\/www.kindergartenpasitos.ch\/wp-content\/uploads\/2025\/03\/Glueckliche-Kinder-im-Kindergarten-Pasitos-1-scaled.jpg\" \/>\n\t<meta property=\"og:image:width\" content=\"2560\" \/>\n\t<meta property=\"og:image:height\" content=\"1729\" \/>\n\t<meta property=\"og:image:type\" content=\"image\/jpeg\" \/>\n<meta name=\"twitter:card\" content=\"summary_large_image\" \/>\n<meta name=\"twitter:label1\" content=\"Tiempo de lectura\" \/>\n\t<meta name=\"twitter:data1\" content=\"2 minutos\" \/>\n<script type=\"application\/ld+json\" class=\"yoast-schema-graph\">{\"@context\":\"https:\\\/\\\/schema.org\",\"@graph\":[{\"@type\":\"WebPage\",\"@id\":\"https:\\\/\\\/www.kindergartenpasitos.ch\\\/kinderkrippe\\\/\",\"url\":\"https:\\\/\\\/www.kindergartenpasitos.ch\\\/kinderkrippe\\\/\",\"name\":\"Kinderkrippe - Stiftung Pasitos\",\"isPartOf\":{\"@id\":\"https:\\\/\\\/www.kindergartenpasitos.ch\\\/#website\"},\"primaryImageOfPage\":{\"@id\":\"https:\\\/\\\/www.kindergartenpasitos.ch\\\/kinderkrippe\\\/#primaryimage\"},\"image\":{\"@id\":\"https:\\\/\\\/www.kindergartenpasitos.ch\\\/kinderkrippe\\\/#primaryimage\"},\"thumbnailUrl\":\"https:\\\/\\\/www.kindergartenpasitos.ch\\\/wp-content\\\/uploads\\\/2025\\\/03\\\/Glueckliche-Kinder-im-Kindergarten-Pasitos-1-scaled.jpg\",\"datePublished\":\"2025-05-21T14:27:02+00:00\",\"dateModified\":\"2025-05-21T14:34:50+00:00\",\"description\":\"Entdecke die Kinderkrippe der Stiftung Pasitos, ein liebevoller Ort, an dem dein Kind zweisprachig geborgen und mit viel Herz betreut wird.\",\"breadcrumb\":{\"@id\":\"https:\\\/\\\/www.kindergartenpasitos.ch\\\/kinderkrippe\\\/#breadcrumb\"},\"inLanguage\":\"es\",\"potentialAction\":[{\"@type\":\"ReadAction\",\"target\":[\"https:\\\/\\\/www.kindergartenpasitos.ch\\\/kinderkrippe\\\/\"]}]},{\"@type\":\"ImageObject\",\"inLanguage\":\"es\",\"@id\":\"https:\\\/\\\/www.kindergartenpasitos.ch\\\/kinderkrippe\\\/#primaryimage\",\"url\":\"https:\\\/\\\/www.kindergartenpasitos.ch\\\/wp-content\\\/uploads\\\/2025\\\/03\\\/Glueckliche-Kinder-im-Kindergarten-Pasitos-1-scaled.jpg\",\"contentUrl\":\"https:\\\/\\\/www.kindergartenpasitos.ch\\\/wp-content\\\/uploads\\\/2025\\\/03\\\/Glueckliche-Kinder-im-Kindergarten-Pasitos-1-scaled.jpg\",\"width\":2560,\"height\":1729},{\"@type\":\"BreadcrumbList\",\"@id\":\"https:\\\/\\\/www.kindergartenpasitos.ch\\\/kinderkrippe\\\/#breadcrumb\",\"itemListElement\":[{\"@type\":\"ListItem\",\"position\":1,\"name\":\"Startseite\",\"item\":\"https:\\\/\\\/www.kindergartenpasitos.ch\\\/\"},{\"@type\":\"ListItem\",\"position\":2,\"name\":\"Kinderkrippe\"}]},{\"@type\":\"WebSite\",\"@id\":\"https:\\\/\\\/www.kindergartenpasitos.ch\\\/#website\",\"url\":\"https:\\\/\\\/www.kindergartenpasitos.ch\\\/\",\"name\":\"Kindergarten Pasitos in Z\u00fcrich\",\"description\":\"Pasitos \u2013 der zweisprachige private Kindergarten in Z\u00fcrich, in dem dein Kind spielerisch Deutsch und Spanisch lernt.\",\"publisher\":{\"@id\":\"https:\\\/\\\/www.kindergartenpasitos.ch\\\/#organization\"},\"potentialAction\":[{\"@type\":\"SearchAction\",\"target\":{\"@type\":\"EntryPoint\",\"urlTemplate\":\"https:\\\/\\\/www.kindergartenpasitos.ch\\\/?s={search_term_string}\"},\"query-input\":{\"@type\":\"PropertyValueSpecification\",\"valueRequired\":true,\"valueName\":\"search_term_string\"}}],\"inLanguage\":\"es\"},{\"@type\":\"Organization\",\"@id\":\"https:\\\/\\\/www.kindergartenpasitos.ch\\\/#organization\",\"name\":\"Kindergarten Pasitos in Z\u00fcrich\",\"url\":\"https:\\\/\\\/www.kindergartenpasitos.ch\\\/\",\"logo\":{\"@type\":\"ImageObject\",\"inLanguage\":\"es\",\"@id\":\"https:\\\/\\\/www.kindergartenpasitos.ch\\\/#\\\/schema\\\/logo\\\/image\\\/\",\"url\":\"https:\\\/\\\/www.kindergartenpasitos.ch\\\/wp-content\\\/uploads\\\/2025\\\/02\\\/Kindergarten-Pasitos-Logo-scaled.webp\",\"contentUrl\":\"https:\\\/\\\/www.kindergartenpasitos.ch\\\/wp-content\\\/uploads\\\/2025\\\/02\\\/Kindergarten-Pasitos-Logo-scaled.webp\",\"width\":2560,\"height\":2560,\"caption\":\"Kindergarten Pasitos in Z\u00fcrich\"},\"image\":{\"@id\":\"https:\\\/\\\/www.kindergartenpasitos.ch\\\/#\\\/schema\\\/logo\\\/image\\\/\"},\"sameAs\":[\"https:\\\/\\\/www.facebook.com\\\/StiftungPasitos19\\\/\",\"https:\\\/\\\/www.tiktok.com\\\/@stiftungpasitos?is_from_webapp=1&sender_device=pc\",\"https:\\\/\\\/www.youtube.com\\\/@StiftungPASITOSKindergarten\",\"https:\\\/\\\/www.instagram.com\\\/stiftungpasitos\\\/\"]}]}<\/script>\n<!-- \/ Yoast SEO plugin. -->","yoast_head_json":{"title":"Kinderkrippe - Stiftung Pasitos","description":"Entdecke die Kinderkrippe der Stiftung Pasitos, ein liebevoller Ort, an dem dein Kind zweisprachig geborgen und mit viel Herz betreut wird.","robots":{"index":"index","follow":"follow","max-snippet":"max-snippet:-1","max-image-preview":"max-image-preview:large","max-video-preview":"max-video-preview:-1"},"canonical":"https:\/\/www.kindergartenpasitos.ch\/es\/kinderkrippe\/","og_locale":"es_ES","og_type":"article","og_title":"Kinderkrippe - Stiftung Pasitos","og_description":"Entdecke die Kinderkrippe der Stiftung Pasitos, ein liebevoller Ort, an dem dein Kind zweisprachig geborgen und mit viel Herz betreut wird.","og_url":"https:\/\/www.kindergartenpasitos.ch\/es\/kinderkrippe\/","og_site_name":"Kindergarten Pasitos in Z\u00fcrich","article_publisher":"https:\/\/www.facebook.com\/StiftungPasitos19\/","article_modified_time":"2025-05-21T14:34:50+00:00","og_image":[{"width":2560,"height":1729,"url":"https:\/\/www.kindergartenpasitos.ch\/wp-content\/uploads\/2025\/03\/Glueckliche-Kinder-im-Kindergarten-Pasitos-1-scaled.jpg","type":"image\/jpeg"}],"twitter_card":"summary_large_image","twitter_misc":{"Tiempo de lectura":"2 minutos"},"schema":{"@context":"https:\/\/schema.org","@graph":[{"@type":"WebPage","@id":"https:\/\/www.kindergartenpasitos.ch\/kinderkrippe\/","url":"https:\/\/www.kindergartenpasitos.ch\/kinderkrippe\/","name":"Kinderkrippe - Stiftung Pasitos","isPartOf":{"@id":"https:\/\/www.kindergartenpasitos.ch\/#website"},"primaryImageOfPage":{"@id":"https:\/\/www.kindergartenpasitos.ch\/kinderkrippe\/#primaryimage"},"image":{"@id":"https:\/\/www.kindergartenpasitos.ch\/kinderkrippe\/#primaryimage"},"thumbnailUrl":"https:\/\/www.kindergartenpasitos.ch\/wp-content\/uploads\/2025\/03\/Glueckliche-Kinder-im-Kindergarten-Pasitos-1-scaled.jpg","datePublished":"2025-05-21T14:27:02+00:00","dateModified":"2025-05-21T14:34:50+00:00","description":"Entdecke die Kinderkrippe der Stiftung Pasitos, ein liebevoller Ort, an dem dein Kind zweisprachig geborgen und mit viel Herz betreut wird.","breadcrumb":{"@id":"https:\/\/www.kindergartenpasitos.ch\/kinderkrippe\/#breadcrumb"},"inLanguage":"es","potentialAction":[{"@type":"ReadAction","target":["https:\/\/www.kindergartenpasitos.ch\/kinderkrippe\/"]}]},{"@type":"ImageObject","inLanguage":"es","@id":"https:\/\/www.kindergartenpasitos.ch\/kinderkrippe\/#primaryimage","url":"https:\/\/www.kindergartenpasitos.ch\/wp-content\/uploads\/2025\/03\/Glueckliche-Kinder-im-Kindergarten-Pasitos-1-scaled.jpg","contentUrl":"https:\/\/www.kindergartenpasitos.ch\/wp-content\/uploads\/2025\/03\/Glueckliche-Kinder-im-Kindergarten-Pasitos-1-scaled.jpg","width":2560,"height":1729},{"@type":"BreadcrumbList","@id":"https:\/\/www.kindergartenpasitos.ch\/kinderkrippe\/#breadcrumb","itemListElement":[{"@type":"ListItem","position":1,"name":"Startseite","item":"https:\/\/www.kindergartenpasitos.ch\/"},{"@type":"ListItem","position":2,"name":"Kinderkrippe"}]},{"@type":"WebSite","@id":"https:\/\/www.kindergartenpasitos.ch\/#website","url":"https:\/\/www.kindergartenpasitos.ch\/","name":"Jard\u00edn de infancia Pasitos en Z\u00farich","description":"Pasitos \u2013 der zweisprachige private Kindergarten in Z\u00fcrich, in dem dein Kind spielerisch Deutsch und Spanisch lernt.","publisher":{"@id":"https:\/\/www.kindergartenpasitos.ch\/#organization"},"potentialAction":[{"@type":"SearchAction","target":{"@type":"EntryPoint","urlTemplate":"https:\/\/www.kindergartenpasitos.ch\/?s={search_term_string}"},"query-input":{"@type":"PropertyValueSpecification","valueRequired":true,"valueName":"search_term_string"}}],"inLanguage":"es"},{"@type":"Organization","@id":"https:\/\/www.kindergartenpasitos.ch\/#organization","name":"Jard\u00edn de infancia Pasitos en Z\u00farich","url":"https:\/\/www.kindergartenpasitos.ch\/","logo":{"@type":"ImageObject","inLanguage":"es","@id":"https:\/\/www.kindergartenpasitos.ch\/#\/schema\/logo\/image\/","url":"https:\/\/www.kindergartenpasitos.ch\/wp-content\/uploads\/2025\/02\/Kindergarten-Pasitos-Logo-scaled.webp","contentUrl":"https:\/\/www.kindergartenpasitos.ch\/wp-content\/uploads\/2025\/02\/Kindergarten-Pasitos-Logo-scaled.webp","width":2560,"height":2560,"caption":"Kindergarten Pasitos in Z\u00fcrich"},"image":{"@id":"https:\/\/www.kindergartenpasitos.ch\/#\/schema\/logo\/image\/"},"sameAs":["https:\/\/www.facebook.com\/StiftungPasitos19\/","https:\/\/www.tiktok.com\/@stiftungpasitos?is_from_webapp=1&sender_device=pc","https:\/\/www.youtube.com\/@StiftungPASITOSKindergarten","https:\/\/www.instagram.com\/stiftungpasitos\/"]}]}},"_links":{"self":[{"href":"https:\/\/www.kindergartenpasitos.ch\/es\/wp-json\/wp\/v2\/pages\/7173","targetHints":{"allow":["GET"]}}],"collection":[{"href":"https:\/\/www.kindergartenpasitos.ch\/es\/wp-json\/wp\/v2\/pages"}],"about":[{"href":"https:\/\/www.kindergartenpasitos.ch\/es\/wp-json\/wp\/v2\/types\/page"}],"author":[{"embeddable":true,"href":"https:\/\/www.kindergartenpasitos.ch\/es\/wp-json\/wp\/v2\/users\/1"}],"replies":[{"embeddable":true,"href":"https:\/\/www.kindergartenpasitos.ch\/es\/wp-json\/wp\/v2\/comments?post=7173"}],"version-history":[{"count":20,"href":"https:\/\/www.kindergartenpasitos.ch\/es\/wp-json\/wp\/v2\/pages\/7173\/revisions"}],"predecessor-version":[{"id":7215,"href":"https:\/\/www.kindergartenpasitos.ch\/es\/wp-json\/wp\/v2\/pages\/7173\/revisions\/7215"}],"wp:featuredmedia":[{"embeddable":true,"href":"https:\/\/www.kindergartenpasitos.ch\/es\/wp-json\/wp\/v2\/media\/7022"}],"wp:attachment":[{"href":"https:\/\/www.kindergartenpasitos.ch\/es\/wp-json\/wp\/v2\/media?parent=7173"}],"curies":[{"name":"wp","href":"https:\/\/api.w.org\/{rel}","templated":true}]}}